{"id":74,"date":"2024-12-16T09:49:48","date_gmt":"2024-12-16T08:49:48","guid":{"rendered":"http:\/\/yachtplumbingmallorca.com\/contact\/"},"modified":"2026-04-26T23:23:25","modified_gmt":"2026-04-26T22:23:25","slug":"contact","status":"publish","type":"page","link":"https:\/\/yachtplumbingmallorca.com\/en\/contacto\/","title":{"rendered":"Contact"},"content":{"rendered":"\t\t<div data-elementor-type=\"wp-post\" data-elementor-id=\"74\" class=\"elementor elementor-74\" data-elementor-post-type=\"page\">\n\t\t\t\t<div class=\"elementor-element elementor-element-727154d e-flex e-con-boxed e-con e-parent\" data-id=\"727154d\" data-element_type=\"container\" data-e-type=\"container\" data-settings=\"{&quot;background_background&quot;:&quot;classic&quot;}\">\n\t\t\t\t\t<div class=\"e-con-inner\">\n\t\t<div class=\"elementor-element elementor-element-de21bca e-con-full e-flex e-con e-child\" data-id=\"de21bca\" data-element_type=\"container\" data-e-type=\"container\" data-settings=\"{&quot;background_background&quot;:&quot;classic&quot;}\">\n\t\t\t\t<div class=\"elementor-element elementor-element-bce4ca2 elementor-widget elementor-widget-heading\" data-id=\"bce4ca2\" data-element_type=\"widget\" data-e-type=\"widget\" data-widget_type=\"heading.default\">\n\t\t\t\t<div class=\"elementor-widget-container\">\n\t\t\t\t\t<p class=\"elementor-heading-title elementor-size-default\">Estamos aqu\u00ed para ayudarte<\/p>\t\t\t\t<\/div>\n\t\t\t\t<\/div>\n\t\t\t\t<div class=\"elementor-element elementor-element-27da868 elementor-widget-divider--view-line elementor-widget elementor-widget-divider\" data-id=\"27da868\" data-element_type=\"widget\" data-e-type=\"widget\" data-widget_type=\"divider.default\">\n\t\t\t\t<div class=\"elementor-widget-container\">\n\t\t\t\t\t\t\t<div class=\"elementor-divider\">\n\t\t\t<span class=\"elementor-divider-separator\">\n\t\t\t\t\t\t<\/span>\n\t\t<\/div>\n\t\t\t\t\t\t<\/div>\n\t\t\t\t<\/div>\n\t\t\t\t<div class=\"elementor-element elementor-element-5ec62b8 elementor-widget elementor-widget-heading\" data-id=\"5ec62b8\" data-element_type=\"widget\" data-e-type=\"widget\" data-widget_type=\"heading.default\">\n\t\t\t\t<div class=\"elementor-widget-container\">\n\t\t\t\t\t<h1 class=\"elementor-heading-title elementor-size-default\">Contacto<\/h1>\t\t\t\t<\/div>\n\t\t\t\t<\/div>\n\t\t\t\t<\/div>\n\t\t\t\t\t<\/div>\n\t\t\t\t<\/div>\n\t\t<div class=\"elementor-element elementor-element-1b5b20f e-flex e-con-boxed e-con e-parent\" data-id=\"1b5b20f\" data-element_type=\"container\" data-e-type=\"container\">\n\t\t\t\t\t<div class=\"e-con-inner\">\n\t\t<div class=\"elementor-element elementor-element-6ff7d5a e-con-full e-flex e-con e-child\" data-id=\"6ff7d5a\" data-element_type=\"container\" data-e-type=\"container\">\n\t\t\t\t<div class=\"elementor-element elementor-element-dfe8595 elementor-widget elementor-widget-spacer\" data-id=\"dfe8595\" data-element_type=\"widget\" data-e-type=\"widget\" data-widget_type=\"spacer.default\">\n\t\t\t\t<div class=\"elementor-widget-container\">\n\t\t\t\t\t\t\t<div class=\"elementor-spacer\">\n\t\t\t<div class=\"elementor-spacer-inner\"><\/div>\n\t\t<\/div>\n\t\t\t\t\t\t<\/div>\n\t\t\t\t<\/div>\n\t\t\t\t<div class=\"elementor-element elementor-element-9b19893 elementor-widget elementor-widget-html\" data-id=\"9b19893\" data-element_type=\"widget\" data-e-type=\"widget\" data-widget_type=\"html.default\">\n\t\t\t\t<div class=\"elementor-widget-container\">\n\t\t\t\t\t<div class=\"yps-contact-cards\">\r\n  <div class=\"yps-contact-card\">\r\n    <div class=\"yps-contact-icon\">\r\n      <img decoding=\"async\" src=\"https:\/\/yachtplumbingmallorca.com\/wp-content\/uploads\/2026\/03\/Telefono-de-contacto-yacht-plumbing-mallorca-.webp\" alt=\"Tel\u00e9fono de contacto Yacht Plumbing Mallorca\" title=\"\">\r\n    <\/div>\r\n    <h2>Tel\u00e9fono<\/h2>\r\n    <p><a href=\"tel:+34658835956\">+34 658 835 956<\/a><\/p>\r\n  <\/div>\r\n\r\n  <div class=\"yps-contact-card\">\r\n    <div class=\"yps-contact-icon\">\r\n      <img decoding=\"async\" src=\"https:\/\/yachtplumbingmallorca.com\/wp-content\/uploads\/2026\/03\/Correo-electronico-yacht-plumbing-mallorca.webp\" alt=\"Correo electr\u00f3nico Yacht Plumbing Mallorca\" title=\"\">\r\n    <\/div>\r\n    <h2>E-mail<\/h2>\r\n    <p><a href=\"mailto:info@yachtplumbing.es\">info@yachtplumbing.es<\/a><\/p>\r\n  <\/div>\r\n\r\n  <div class=\"yps-contact-card\">\r\n    <div class=\"yps-contact-icon\">\r\n      <img decoding=\"async\" src=\"https:\/\/yachtplumbingmallorca.com\/wp-content\/uploads\/2026\/03\/Ubicacion-yacht-plumbing-mallorca-.webp\" alt=\"Ubicaci\u00f3n Yacht Plumbing Mallorca\" title=\"\">\r\n    <\/div>\r\n    <h2>Ubicaci\u00f3n<\/h2>\r\n    <p>\r\n      <a href=\"https:\/\/maps.app.goo.gl\/B6PMrCHS11DAxAVf9\" target=\"_blank\" rel=\"noopener noreferrer\">\r\n        Edif. Espig\u00f3n Exterior, Mlle. Viejo, s\/n, Centre, 07012 Palma, Illes Balears\r\n      <\/a>\r\n    <\/p>\r\n  <\/div>\r\n<\/div>\r\n\r\n<style>\r\n.yps-contact-cards {\r\n  display: grid;\r\n  grid-template-columns: repeat(3, 1fr);\r\n  gap: 28px;\r\n  margin: 40px 0;\r\n}\r\n\r\n.yps-contact-card {\r\n  background: #ffffff;\r\n  border-radius: 18px;\r\n  padding: 32px 24px;\r\n  text-align: center;\r\n  box-shadow: 0 12px 30px rgba(0, 0, 0, 0.08);\r\n  height: 100%;\r\n}\r\n\r\n.yps-contact-icon {\r\n  margin-bottom: 20px;\r\n}\r\n\r\n.yps-contact-icon img {\r\n  width: 72px;\r\n  height: 72px;\r\n  object-fit: contain;\r\n  display: block;\r\n  margin: 0 auto;\r\n}\r\n\r\n.yps-contact-card h2 {\r\n  font-size: 28px;\r\n  line-height: 1.2;\r\n  margin: 0 0 14px;\r\n  color: #0f2940;\r\n}\r\n\r\n.yps-contact-card p {\r\n  margin: 0;\r\n  font-size: 18px;\r\n  line-height: 1.6;\r\n  color: #4a5560;\r\n}\r\n\r\n.yps-contact-card a {\r\n  color: #4a5560;\r\n  text-decoration: none;\r\n  transition: all 0.3s ease;\r\n}\r\n\r\n.yps-contact-card a:hover {\r\n  color: #0f2940;\r\n  text-decoration: underline;\r\n}\r\n\r\n@media (max-width: 991px) {\r\n  .yps-contact-cards {\r\n    grid-template-columns: 1fr;\r\n    gap: 20px;\r\n  }\r\n\r\n  .yps-contact-card {\r\n    padding: 28px 20px;\r\n  }\r\n\r\n  .yps-contact-card h2 {\r\n    font-size: 24px;\r\n  }\r\n\r\n  .yps-contact-card p {\r\n    font-size: 17px;\r\n  }\r\n\r\n  .yps-contact-icon img {\r\n    width: 64px;\r\n    height: 64px;\r\n  }\r\n}\r\n<\/style>\t\t\t\t<\/div>\n\t\t\t\t<\/div>\n\t\t\t\t<\/div>\n\t\t\t\t<div class=\"elementor-element elementor-element-664a6ef elementor-widget elementor-widget-spacer\" data-id=\"664a6ef\" data-element_type=\"widget\" data-e-type=\"widget\" data-widget_type=\"spacer.default\">\n\t\t\t\t<div class=\"elementor-widget-container\">\n\t\t\t\t\t\t\t<div class=\"elementor-spacer\">\n\t\t\t<div class=\"elementor-spacer-inner\"><\/div>\n\t\t<\/div>\n\t\t\t\t\t\t<\/div>\n\t\t\t\t<\/div>\n\t\t\t\t<div class=\"elementor-element elementor-element-9ffd06a elementor-widget elementor-widget-html\" data-id=\"9ffd06a\" data-element_type=\"widget\" data-e-type=\"widget\" data-widget_type=\"html.default\">\n\t\t\t\t<div class=\"elementor-widget-container\">\n\t\t\t\t\t<div class=\"ypm-simple-form-block\">\r\n  <h2>Cu\u00e9ntenos qu\u00e9 necesitas<\/h2>\r\n\r\n  <div class=\"ypm-simple-form-box\">\r\n    <div class=\"wpforms-container \" id=\"wpforms-2624\"><form id=\"wpforms-form-2624\" class=\"wpforms-validate wpforms-form wpforms-ajax-form\" data-formid=\"2624\" method=\"post\" enctype=\"multipart\/form-data\" action=\"\/en\/wp-json\/wp\/v2\/pages\/74\" data-token=\"d3a1c9d00db546683a4518985cf70b25\" data-token-time=\"1778673496\"><noscript class=\"wpforms-error-noscript\">Please enable JavaScript in your browser to complete this form.<\/noscript><div class=\"wpforms-field-container\">\t\t<div id=\"wpforms-2624-field_2-container\"\n\t\t\tclass=\"wpforms-field wpforms-field-text\"\n\t\t\tdata-field-type=\"text\"\n\t\t\tdata-field-id=\"2\"\n\t\t\t>\n\t\t\t<label class=\"wpforms-field-label\" for=\"wpforms-2624-field_2\" >Nombre: Politica Tel\u00e9fono:<\/label>\n\t\t\t<input type=\"text\" id=\"wpforms-2624-field_2\" class=\"wpforms-field-medium\" name=\"wpforms[fields][2]\" >\n\t\t<\/div>\n\t\t<div id=\"wpforms-2624-field_1-container\" class=\"wpforms-field wpforms-field-text\" data-field-id=\"1\"><label class=\"wpforms-field-label\" for=\"wpforms-2624-field_1\">Nombre: <span class=\"wpforms-required-label\">*<\/span><\/label><input type=\"text\" id=\"wpforms-2624-field_1\" class=\"wpforms-field-medium wpforms-field-required\" name=\"wpforms[fields][1]\" required><\/div><div id=\"wpforms-2624-field_4-container\" class=\"wpforms-field wpforms-field-email\" data-field-id=\"4\"><label class=\"wpforms-field-label\" for=\"wpforms-2624-field_4\">Correo electr\u00f3nico <span class=\"wpforms-required-label\">*<\/span><\/label><input type=\"email\" id=\"wpforms-2624-field_4\" class=\"wpforms-field-medium wpforms-field-required\" name=\"wpforms[fields][4]\" spellcheck=\"false\" required><\/div><div id=\"wpforms-2624-field_3-container\" class=\"wpforms-field wpforms-field-text\" data-field-id=\"3\"><label class=\"wpforms-field-label\" for=\"wpforms-2624-field_3\">Tel\u00e9fono: <span class=\"wpforms-required-label\">*<\/span><\/label><input type=\"text\" id=\"wpforms-2624-field_3\" class=\"wpforms-field-medium wpforms-field-required\" name=\"wpforms[fields][3]\" required><\/div><div id=\"wpforms-2624-field_5-container\" class=\"wpforms-field wpforms-field-textarea\" data-field-id=\"5\"><label class=\"wpforms-field-label\" for=\"wpforms-2624-field_5\">Expl\u00edcanos lo que necesitas<\/label><textarea id=\"wpforms-2624-field_5\" class=\"wpforms-field-medium\" name=\"wpforms[fields][5]\" ><\/textarea><\/div><div id=\"wpforms-2624-field_8-container\" class=\"wpforms-field wpforms-field-payment-checkbox\" data-field-id=\"8\"><label class=\"wpforms-field-label\">Politica de privacidad <span class=\"wpforms-required-label\">*<\/span><\/label><ul id=\"wpforms-2624-field_8\" class=\"wpforms-field-required\"><li class=\"choice-1\"><input type=\"checkbox\" id=\"wpforms-2624-field_8_1\" class=\"wpforms-payment-price\" data-amount=\"0.00\" name=\"wpforms[fields][8][]\" value=\"1\" required ><label class=\"wpforms-field-label-inline\" for=\"wpforms-2624-field_8_1\">He le\u00eddo y acepto la Pol\u00edtica de Privacidad.<\/label><\/li><\/ul><\/div><script>\n\t\t\t\t( function() {\n\t\t\t\t\tconst style = document.createElement( 'style' );\n\t\t\t\t\tstyle.appendChild( document.createTextNode( '#wpforms-2624-field_2-container { position: absolute !important; overflow: hidden !important; display: inline !important; height: 1px !important; width: 1px !important; z-index: -1000 !important; padding: 0 !important; } #wpforms-2624-field_2-container input { visibility: hidden; } #wpforms-conversational-form-page #wpforms-2624-field_2-container label { counter-increment: none; }' ) );\n\t\t\t\t\tdocument.head.appendChild( style );\n\t\t\t\t\tdocument.currentScript?.remove();\n\t\t\t\t} )();\n\t\t\t<\/script><\/div><!-- .wpforms-field-container --><div class=\"wpforms-submit-container\" ><input type=\"hidden\" name=\"wpforms[id]\" value=\"2624\"><input type=\"hidden\" name=\"page_title\" value=\"\"><input type=\"hidden\" name=\"page_url\" value=\"https:\/\/yachtplumbingmallorca.com\/en\/wp-json\/wp\/v2\/pages\/74\"><input type=\"hidden\" name=\"url_referer\" value=\"\"><button type=\"submit\" name=\"wpforms[submit]\" id=\"wpforms-submit-2624\" class=\"wpforms-submit\" data-alt-text=\"Enviando...\" data-submit-text=\"Enviar\" aria-live=\"assertive\" value=\"wpforms-submit\">Enviar<\/button><img decoding=\"async\" src=\"https:\/\/yachtplumbingmallorca.com\/wp-content\/plugins\/wpforms-lite\/assets\/images\/submit-spin.svg\" class=\"wpforms-submit-spinner\" style=\"display: none;\" width=\"26\" height=\"26\" alt=\"Loading\" title=\"\"><\/div><\/form><\/div>  <!-- .wpforms-container -->\r\n\r\n    <script>\r\n    window.addEventListener('load', function () {\r\n\r\n      function ypmLinkPrivacyPolicy() {\r\n        var form = document.querySelector('#wpforms-form-2624');\r\n        if (!form) return;\r\n\r\n        var labels = form.querySelectorAll('.wpforms-field-checkbox label');\r\n\r\n        labels.forEach(function(label) {\r\n          if (label.dataset.privacyLinked === 'true') return;\r\n\r\n          var html = label.innerHTML;\r\n\r\n          if (html.toLowerCase().includes('pol\u00edtica de privacidad') || html.toLowerCase().includes('politica de privacidad')) {\r\n            label.innerHTML = html.replace(\r\n              \/pol[i\u00ed]tica de privacidad\/gi,\r\n              '<a href=\"https:\/\/yachtplumbingmallorca.com\/politica-de-privacidad\/\" target=\"_blank\" rel=\"noopener noreferrer\">Pol\u00edtica de Privacidad<\/a>'\r\n            );\r\n\r\n            label.dataset.privacyLinked = 'true';\r\n          }\r\n        });\r\n      }\r\n\r\n      ypmLinkPrivacyPolicy();\r\n      setTimeout(ypmLinkPrivacyPolicy, 500);\r\n      setTimeout(ypmLinkPrivacyPolicy, 1500);\r\n\r\n    });\r\n    <\/script>\r\n  <\/div>\r\n<\/div>\r\n\r\n<style>\r\n.ypm-simple-form-block {\r\n  width: 100%;\r\n  max-width: 980px;\r\n  margin: 0 auto;\r\n  padding: 50px 20px;\r\n  box-sizing: border-box;\r\n}\r\n\r\n.ypm-simple-form-block h2 {\r\n  margin: 0 0 32px;\r\n  color: #1E3859;\r\n  font-size: 28px;\r\n  line-height: 1.2;\r\n  font-weight: 800;\r\n  text-transform: uppercase;\r\n  letter-spacing: 0.8px;\r\n}\r\n\r\n.ypm-simple-form-box {\r\n  width: 100%;\r\n}\r\n\r\n.ypm-simple-form-box .wpforms-container {\r\n  margin: 0 !important;\r\n  width: 100% !important;\r\n  max-width: 100% !important;\r\n}\r\n\r\n.ypm-simple-form-box .wpforms-field {\r\n  margin-bottom: 18px !important;\r\n}\r\n\r\n.ypm-simple-form-box .wpforms-field-label {\r\n  color: #1E3859 !important;\r\n  font-size: 15px !important;\r\n  font-weight: 700 !important;\r\n  margin-bottom: 8px !important;\r\n}\r\n\r\n.ypm-simple-form-box input[type=\"text\"],\r\n.ypm-simple-form-box input[type=\"email\"],\r\n.ypm-simple-form-box input[type=\"tel\"],\r\n.ypm-simple-form-box textarea {\r\n  width: 100% !important;\r\n  max-width: 100% !important;\r\n  border: 1px solid #d6dee8 !important;\r\n  border-radius: 10px !important;\r\n  min-height: 50px !important;\r\n  padding: 13px 15px !important;\r\n  color: #1E3859 !important;\r\n  font-size: 15px !important;\r\n  box-sizing: border-box !important;\r\n}\r\n\r\n.ypm-simple-form-box textarea {\r\n  min-height: 140px !important;\r\n}\r\n\r\n.ypm-simple-form-box input:focus,\r\n.ypm-simple-form-box textarea:focus {\r\n  border-color: #1E3859 !important;\r\n  box-shadow: 0 0 0 3px rgba(30,56,89,0.10) !important;\r\n  outline: none !important;\r\n}\r\n\r\n.ypm-simple-form-box .wpforms-field-checkbox label {\r\n  color: #526075 !important;\r\n  font-size: 14px !important;\r\n  line-height: 1.5 !important;\r\n}\r\n\r\n.ypm-simple-form-box .wpforms-field-checkbox label a {\r\n  color: #1E3859 !important;\r\n  font-weight: 700 !important;\r\n  text-decoration: underline !important;\r\n}\r\n\r\n.ypm-simple-form-box .wpforms-field-checkbox label a:hover {\r\n  color: #da1420 !important;\r\n}\r\n\r\n.ypm-simple-form-box .wpforms-submit-container {\r\n  padding-top: 8px !important;\r\n}\r\n\r\n.ypm-simple-form-box button[type=\"submit\"],\r\n.ypm-simple-form-box .wpforms-submit {\r\n  width: 100% !important;\r\n  min-height: 54px !important;\r\n  border: none !important;\r\n  border-radius: 10px !important;\r\n  background: #1E3859 !important;\r\n  color: #ffffff !important;\r\n  font-size: 15px !important;\r\n  font-weight: 800 !important;\r\n  text-transform: uppercase !important;\r\n  letter-spacing: 0.5px !important;\r\n}\r\n\r\n.ypm-simple-form-box button[type=\"submit\"]:hover,\r\n.ypm-simple-form-box .wpforms-submit:hover {\r\n  background: #142d49 !important;\r\n}\r\n\r\n@media (max-width: 767px) {\r\n  .ypm-simple-form-block {\r\n    padding: 40px 16px;\r\n  }\r\n\r\n  .ypm-simple-form-block h2 {\r\n    font-size: 22px;\r\n    margin-bottom: 24px;\r\n  }\r\n}\r\n<\/style>\t\t\t\t<\/div>\n\t\t\t\t<\/div>\n\t\t\t\t<div class=\"elementor-element elementor-element-ca0aef9 elementor-widget elementor-widget-spacer\" data-id=\"ca0aef9\" data-element_type=\"widget\" data-e-type=\"widget\" data-widget_type=\"spacer.default\">\n\t\t\t\t<div class=\"elementor-widget-container\">\n\t\t\t\t\t\t\t<div class=\"elementor-spacer\">\n\t\t\t<div class=\"elementor-spacer-inner\"><\/div>\n\t\t<\/div>\n\t\t\t\t\t\t<\/div>\n\t\t\t\t<\/div>\n\t\t\t\t<div class=\"elementor-element elementor-element-f0d8b73 elementor-widget elementor-widget-heading\" data-id=\"f0d8b73\" data-element_type=\"widget\" data-e-type=\"widget\" data-widget_type=\"heading.default\">\n\t\t\t\t<div class=\"elementor-widget-container\">\n\t\t\t\t\t<h2 class=\"elementor-heading-title elementor-size-default\">Encu\u00e9ntranos en el Astillero STP Palma<\/h2>\t\t\t\t<\/div>\n\t\t\t\t<\/div>\n\t\t\t\t<div class=\"elementor-element elementor-element-69275b9 elementor-widget elementor-widget-spacer\" data-id=\"69275b9\" data-element_type=\"widget\" data-e-type=\"widget\" data-widget_type=\"spacer.default\">\n\t\t\t\t<div class=\"elementor-widget-container\">\n\t\t\t\t\t\t\t<div class=\"elementor-spacer\">\n\t\t\t<div class=\"elementor-spacer-inner\"><\/div>\n\t\t<\/div>\n\t\t\t\t\t\t<\/div>\n\t\t\t\t<\/div>\n\t\t\t\t<div class=\"elementor-element elementor-element-318b9a5 elementor-widget elementor-widget-html\" data-id=\"318b9a5\" data-element_type=\"widget\" data-e-type=\"widget\" data-widget_type=\"html.default\">\n\t\t\t\t<div class=\"elementor-widget-container\">\n\t\t\t\t\t<div class=\"yps-map-wrap\">\r\n  <iframe \r\n    src=\"https:\/\/www.google.com\/maps\/embed?pb=!1m18!1m12!1m3!1d3075.8481398316385!2d2.6370238762268845!3d39.563031607155125!2m3!1f0!2f0!3f0!3m2!1i1024!2i768!4f13.1!3m3!1m2!1s0x1297935656dc7a83%3A0xe7636610cb74ff84!2sYacht%20Plumbing%20%26%20Service%20SL%20-%20Plumbing%2C%20Cleaning%20Of%20Exhaust%20Systems%20For%20Yacht!5e0!3m2!1ses!2ses!4v1773857891486!5m2!1ses!2ses\"\r\n    allowfullscreen=\"\"\r\n    loading=\"lazy\"\r\n    referrerpolicy=\"no-referrer-when-downgrade\"\r\n    title=\"Yacht Plumbing & Service SL location in Palma de Mallorca\">\r\n  <\/iframe>\r\n<\/div>\r\n\r\n<style>\r\n.yps-map-wrap {\r\n  width: 100%;\r\n  max-width: 100%;\r\n  overflow: hidden;\r\n  border-radius: 18px;\r\n  box-shadow: 0 12px 30px rgba(0,0,0,0.12);\r\n  line-height: 0;\r\n}\r\n\r\n.yps-map-wrap iframe {\r\n  width: 100%;\r\n  height: 450px;\r\n  border: 0;\r\n  display: block;\r\n}\r\n\r\n@media (max-width: 767px) {\r\n  .yps-map-wrap {\r\n    border-radius: 14px;\r\n  }\r\n\r\n  .yps-map-wrap iframe {\r\n    height: 320px;\r\n  }\r\n}\r\n<\/style>\t\t\t\t<\/div>\n\t\t\t\t<\/div>\n\t\t\t\t<div class=\"elementor-element elementor-element-0eead3a elementor-widget elementor-widget-spacer\" data-id=\"0eead3a\" data-element_type=\"widget\" data-e-type=\"widget\" data-widget_type=\"spacer.default\">\n\t\t\t\t<div class=\"elementor-widget-container\">\n\t\t\t\t\t\t\t<div class=\"elementor-spacer\">\n\t\t\t<div class=\"elementor-spacer-inner\"><\/div>\n\t\t<\/div>\n\t\t\t\t\t\t<\/div>\n\t\t\t\t<\/div>\n\t\t\t\t\t<\/div>\n\t\t\t\t<\/div>\n\t\t<div class=\"elementor-element elementor-element-148c42c e-con-full e-flex e-con e-parent\" data-id=\"148c42c\" data-element_type=\"container\" data-e-type=\"container\">\n\t\t\t\t<div class=\"elementor-element elementor-element-3fa83e54 elementor-widget elementor-widget-html\" data-id=\"3fa83e54\" data-element_type=\"widget\" data-e-type=\"widget\" data-widget_type=\"html.default\">\n\t\t\t\t<div class=\"elementor-widget-container\">\n\t\t\t\t\t<iframe style=\"z-index:999;width: 100%; height: 498px; position: relative; overflow: hidden;\" src=\"https:\/\/embed.windy.com\/embed2.html?lat=39.546&amp;lon=3.089&amp;zoom=9&amp;level=surface&amp;overlay=wind&amp;menu=&amp;message=&amp;marker=&amp;calendar=&amp;pressure=&amp;type=map&amp;location=coordinates&amp;detail=&amp;detailLat=39.379&amp;detailLon=3.089&amp;metricWind=default&amp;metricTemp=default&amp;radarRange=-1\" frameborder=\"0\"><\/iframe>\t\t\t\t<\/div>\n\t\t\t\t<\/div>\n\t\t\t\t<\/div>\n\t\t<div class=\"elementor-element elementor-element-26c8108 e-flex e-con-boxed e-con e-parent\" data-id=\"26c8108\" data-element_type=\"container\" data-e-type=\"container\">\n\t\t\t\t\t<div class=\"e-con-inner\">\n\t\t\t\t\t<\/div>\n\t\t\t\t<\/div>\n\t\t\t\t<\/div>\n\t\t","protected":false},"excerpt":{"rendered":"<p>Estamos aqu\u00ed para ayudarte Contacto Tel\u00e9fono +34 658 835 956 E-mail info@yachtplumbing.es Ubicaci\u00f3n Edif. Espig\u00f3n Exterior, Mlle. Viejo, s\/n, Centre, 07012 Palma, Illes Balears Cu\u00e9ntenos qu\u00e9 necesitas Encu\u00e9ntranos en el Astillero STP Palma<\/p>","protected":false},"author":1,"featured_media":0,"parent":0,"menu_order":0,"comment_status":"closed","ping_status":"closed","template":"","meta":{"site-sidebar-layout":"no-sidebar","site-content-layout":"page-builder","ast-site-content-layout":"full-width-container","site-content-style":"unboxed","site-sidebar-style":"unboxed","ast-global-header-display":"","ast-banner-title-visibility":"","ast-main-header-display":"","ast-hfb-above-header-display":"","ast-hfb-below-header-display":"","ast-hfb-mobile-header-display":"","site-post-title":"disabled","ast-breadcrumbs-content":"","ast-featured-img":"disabled","footer-sml-layout":"","ast-disable-related-posts":"","theme-transparent-header-meta":"disabled","adv-header-id-meta":"","stick-header-meta":"","header-above-stick-meta":"","header-main-stick-meta":"","header-below-stick-meta":"","astra-migrate-meta-layouts":"set","ast-page-background-enabled":"default","ast-page-background-meta":{"desktop":{"background-color":"","background-image":"","background-repeat":"repeat","background-position":"center center","background-size":"auto","background-attachment":"scroll","background-type":"","background-media":"","overlay-type":"","overlay-color":"","overlay-opacity":"","overlay-gradient":""},"tablet":{"background-color":"","background-image":"","background-repeat":"repeat","background-position":"center center","background-size":"auto","background-attachment":"scroll","background-type":"","background-media":"","overlay-type":"","overlay-color":"","overlay-opacity":"","overlay-gradient":""},"mobile":{"background-color":"","background-image":"","background-repeat":"repeat","background-position":"center center","background-size":"auto","background-attachment":"scroll","background-type":"","background-media":"","overlay-type":"","overlay-color":"","overlay-opacity":"","overlay-gradient":""}},"ast-content-background-meta":{"desktop":{"background-color":"var(--ast-global-color-5)","background-image":"","background-repeat":"repeat","background-position":"center center","background-size":"auto","background-attachment":"scroll","background-type":"","background-media":"","overlay-type":"","overlay-color":"","overlay-opacity":"","overlay-gradient":""},"tablet":{"background-color":"var(--ast-global-color-5)","background-image":"","background-repeat":"repeat","background-position":"center center","background-size":"auto","background-attachment":"scroll","background-type":"","background-media":"","overlay-type":"","overlay-color":"","overlay-opacity":"","overlay-gradient":""},"mobile":{"background-color":"var(--ast-global-color-5)","background-image":"","background-repeat":"repeat","background-position":"center center","background-size":"auto","background-attachment":"scroll","background-type":"","background-media":"","overlay-type":"","overlay-color":"","overlay-opacity":"","overlay-gradient":""}},"footnotes":""},"class_list":["post-74","page","type-page","status-publish","hentry"],"_links":{"self":[{"href":"https:\/\/yachtplumbingmallorca.com\/en\/wp-json\/wp\/v2\/pages\/74","targetHints":{"allow":["GET"]}}],"collection":[{"href":"https:\/\/yachtplumbingmallorca.com\/en\/wp-json\/wp\/v2\/pages"}],"about":[{"href":"https:\/\/yachtplumbingmallorca.com\/en\/wp-json\/wp\/v2\/types\/page"}],"author":[{"embeddable":true,"href":"https:\/\/yachtplumbingmallorca.com\/en\/wp-json\/wp\/v2\/users\/1"}],"replies":[{"embeddable":true,"href":"https:\/\/yachtplumbingmallorca.com\/en\/wp-json\/wp\/v2\/comments?post=74"}],"version-history":[{"count":88,"href":"https:\/\/yachtplumbingmallorca.com\/en\/wp-json\/wp\/v2\/pages\/74\/revisions"}],"predecessor-version":[{"id":4170,"href":"https:\/\/yachtplumbingmallorca.com\/en\/wp-json\/wp\/v2\/pages\/74\/revisions\/4170"}],"wp:attachment":[{"href":"https:\/\/yachtplumbingmallorca.com\/en\/wp-json\/wp\/v2\/media?parent=74"}],"curies":[{"name":"wp","href":"https:\/\/api.w.org\/{rel}","templated":true}]}}