{"id":1626,"date":"2024-12-27T10:56:27","date_gmt":"2024-12-27T09:56:27","guid":{"rendered":"http:\/\/yachtplumbingmallorca.com\/?page_id=1626"},"modified":"2026-03-16T20:10:28","modified_gmt":"2026-03-16T19:10:28","slug":"orders","status":"publish","type":"page","link":"https:\/\/yachtplumbingmallorca.com\/en\/pedidos\/","title":{"rendered":"Orders"},"content":{"rendered":"\t\t<div data-elementor-type=\"wp-post\" data-elementor-id=\"1626\" class=\"elementor elementor-1626\" data-elementor-post-type=\"page\">\n\t\t\t\t<div class=\"elementor-element elementor-element-c0e417e e-flex e-con-boxed e-con e-parent\" data-id=\"c0e417e\" data-element_type=\"container\" data-e-type=\"container\" data-settings=\"{&quot;background_background&quot;:&quot;slideshow&quot;,&quot;background_slideshow_gallery&quot;:[{&quot;id&quot;:2228,&quot;url&quot;:&quot;https:\\\/\\\/yachtplumbingmallorca.com\\\/wp-content\\\/uploads\\\/2025\\\/06\\\/castillaje.jpg&quot;},{&quot;id&quot;:1875,&quot;url&quot;:&quot;https:\\\/\\\/yachtplumbingmallorca.com\\\/wp-content\\\/uploads\\\/2025\\\/01\\\/tempImage74blNi-scaled.gif&quot;},{&quot;id&quot;:2243,&quot;url&quot;:&quot;https:\\\/\\\/yachtplumbingmallorca.com\\\/wp-content\\\/uploads\\\/2025\\\/06\\\/calderas-calentadores-yates.jpg&quot;}],&quot;background_slideshow_loop&quot;:&quot;yes&quot;,&quot;background_slideshow_slide_duration&quot;:5000,&quot;background_slideshow_slide_transition&quot;:&quot;fade&quot;,&quot;background_slideshow_transition_duration&quot;:500}\">\n\t\t\t\t\t<div class=\"e-con-inner\">\n\t\t<div class=\"elementor-element elementor-element-08f682a e-con-full e-flex e-con e-child\" data-id=\"08f682a\" data-element_type=\"container\" data-e-type=\"container\" data-settings=\"{&quot;background_background&quot;:&quot;classic&quot;}\">\n\t\t\t\t<div class=\"elementor-element elementor-element-3f256de elementor-widget elementor-widget-heading\" data-id=\"3f256de\" data-element_type=\"widget\" data-e-type=\"widget\" data-widget_type=\"heading.default\">\n\t\t\t\t<div class=\"elementor-widget-container\">\n\t\t\t\t\t<p class=\"elementor-heading-title elementor-size-default\">Pedidos y suministro t\u00e9cnico<\/p>\t\t\t\t<\/div>\n\t\t\t\t<\/div>\n\t\t\t\t<div class=\"elementor-element elementor-element-9a235d5 elementor-widget-divider--view-line elementor-widget elementor-widget-divider\" data-id=\"9a235d5\" data-element_type=\"widget\" data-e-type=\"widget\" data-widget_type=\"divider.default\">\n\t\t\t\t<div class=\"elementor-widget-container\">\n\t\t\t\t\t\t\t<div class=\"elementor-divider\">\n\t\t\t<span class=\"elementor-divider-separator\">\n\t\t\t\t\t\t<\/span>\n\t\t<\/div>\n\t\t\t\t\t\t<\/div>\n\t\t\t\t<\/div>\n\t\t\t\t<div class=\"elementor-element elementor-element-d60fb8e elementor-widget elementor-widget-heading\" data-id=\"d60fb8e\" data-element_type=\"widget\" data-e-type=\"widget\" data-widget_type=\"heading.default\">\n\t\t\t\t<div class=\"elementor-widget-container\">\n\t\t\t\t\t<h1 class=\"elementor-heading-title elementor-size-default\">Suministro de materiales y sistemas para yates en Mallorca<\/h1>\t\t\t\t<\/div>\n\t\t\t\t<\/div>\n\t\t\t\t<\/div>\n\t\t\t\t\t<\/div>\n\t\t\t\t<\/div>\n\t\t<div class=\"elementor-element elementor-element-1324db4 e-flex e-con-boxed e-con e-parent\" data-id=\"1324db4\" data-element_type=\"container\" data-e-type=\"container\">\n\t\t\t\t\t<div class=\"e-con-inner\">\n\t\t\t\t<div class=\"elementor-element elementor-element-2c65ff0 elementor-widget elementor-widget-spacer\" data-id=\"2c65ff0\" data-element_type=\"widget\" data-e-type=\"widget\" data-widget_type=\"spacer.default\">\n\t\t\t\t<div class=\"elementor-widget-container\">\n\t\t\t\t\t\t\t<div class=\"elementor-spacer\">\n\t\t\t<div class=\"elementor-spacer-inner\"><\/div>\n\t\t<\/div>\n\t\t\t\t\t\t<\/div>\n\t\t\t\t<\/div>\n\t\t\t\t<div class=\"elementor-element elementor-element-d8fc5c3 elementor-widget elementor-widget-text-editor\" data-id=\"d8fc5c3\" data-element_type=\"widget\" data-e-type=\"widget\" data-widget_type=\"text-editor.default\">\n\t\t\t\t<div class=\"elementor-widget-container\">\n\t\t\t\t\t\t\t\t\t<p>En el sector n\u00e1utico, no basta con encontrar una pieza. Hay que encontrar la soluci\u00f3n correcta, en el momento adecuado y con la seguridad de que va a responder a las exigencias reales de la embarcaci\u00f3n. <strong>En Yacht Plumbing &amp; Service ofrecemos suministro t\u00e9cnico para yates en Mallorca, seleccionando materiales, componentes y sistemas fiables para instalaciones de agua, conducci\u00f3n de fluidos, tratamiento, desinfecci\u00f3n y mantenimiento a bordo.<\/strong> Trabajamos con marcas reconocidas y con criterio t\u00e9cnico, para que capitanes, managers y propietarios encuentren en un solo lugar el soporte profesional que necesitan.<\/p>\t\t\t\t\t\t\t\t<\/div>\n\t\t\t\t<\/div>\n\t\t\t\t<div class=\"elementor-element elementor-element-ab78fd2 elementor-widget elementor-widget-spacer\" data-id=\"ab78fd2\" data-element_type=\"widget\" data-e-type=\"widget\" data-widget_type=\"spacer.default\">\n\t\t\t\t<div class=\"elementor-widget-container\">\n\t\t\t\t\t\t\t<div class=\"elementor-spacer\">\n\t\t\t<div class=\"elementor-spacer-inner\"><\/div>\n\t\t<\/div>\n\t\t\t\t\t\t<\/div>\n\t\t\t\t<\/div>\n\t\t\t\t<div class=\"elementor-element elementor-element-4432795 elementor-widget elementor-widget-heading\" data-id=\"4432795\" data-element_type=\"widget\" data-e-type=\"widget\" data-widget_type=\"heading.default\">\n\t\t\t\t<div class=\"elementor-widget-container\">\n\t\t\t\t\t<h2 class=\"elementor-heading-title elementor-size-default\">Qu\u00e9 puede pedir a Yacht Plumbing &amp; Service<\/h2>\t\t\t\t<\/div>\n\t\t\t\t<\/div>\n\t\t\t\t<div class=\"elementor-element elementor-element-19e6252 elementor-widget elementor-widget-spacer\" data-id=\"19e6252\" data-element_type=\"widget\" data-e-type=\"widget\" data-widget_type=\"spacer.default\">\n\t\t\t\t<div class=\"elementor-widget-container\">\n\t\t\t\t\t\t\t<div class=\"elementor-spacer\">\n\t\t\t<div class=\"elementor-spacer-inner\"><\/div>\n\t\t<\/div>\n\t\t\t\t\t\t<\/div>\n\t\t\t\t<\/div>\n\t\t\t\t\t<\/div>\n\t\t\t\t<\/div>\n\t\t<div class=\"elementor-element elementor-element-54ca77b e-flex e-con-boxed e-con e-parent\" data-id=\"54ca77b\" data-element_type=\"container\" data-e-type=\"container\">\n\t\t\t\t\t<div class=\"e-con-inner\">\n\t\t<div class=\"elementor-element elementor-element-1f2161f e-con-full e-flex e-con e-child\" data-id=\"1f2161f\" data-element_type=\"container\" data-e-type=\"container\">\n\t\t<div class=\"elementor-element elementor-element-e9ca7d0 e-grid e-con-full e-con e-child\" data-id=\"e9ca7d0\" data-element_type=\"container\" data-e-type=\"container\">\n\t\t\t\t<div class=\"elementor-element elementor-element-cae3b55 elementor-position-top elementor-widget elementor-widget-image-box\" data-id=\"cae3b55\" data-element_type=\"widget\" data-e-type=\"widget\" data-widget_type=\"image-box.default\">\n\t\t\t\t<div class=\"elementor-widget-container\">\n\t\t\t\t\t<div class=\"elementor-image-box-wrapper\"><figure class=\"elementor-image-box-img\"><img decoding=\"async\" width=\"353\" height=\"65\" src=\"https:\/\/yachtplumbingmallorca.com\/wp-content\/uploads\/2024\/12\/logo7.png\" class=\"attachment-full size-full wp-image-1628\" alt=\"logo necen\" title=\"\" srcset=\"https:\/\/yachtplumbingmallorca.com\/wp-content\/uploads\/2024\/12\/logo7.png 353w, https:\/\/yachtplumbingmallorca.com\/wp-content\/uploads\/2024\/12\/logo7-300x55.png 300w, https:\/\/yachtplumbingmallorca.com\/wp-content\/uploads\/2024\/12\/logo7-18x3.png 18w\" sizes=\"(max-width: 353px) 100vw, 353px\" \/><\/figure><div class=\"elementor-image-box-content\"><p class=\"elementor-image-box-description\">En Yacht Plumbing and Service confiamos en NECEN por la calidad de sus soluciones t\u00e9cnicas y por su capacidad para responder en instalaciones que requieren precisi\u00f3n, resistencia y fiabilidad a largo plazo. Es una marca que encaja con nuestro enfoque de trabajo: soluciones profesionales para embarcaciones donde no hay margen para errores ni improvisaciones.<\/p><\/div><\/div>\t\t\t\t<\/div>\n\t\t\t\t<\/div>\n\t\t\t\t<div class=\"elementor-element elementor-element-b25c6cc elementor-position-top elementor-widget elementor-widget-image-box\" data-id=\"b25c6cc\" data-element_type=\"widget\" data-e-type=\"widget\" data-widget_type=\"image-box.default\">\n\t\t\t\t<div class=\"elementor-widget-container\">\n\t\t\t\t\t<div class=\"elementor-image-box-wrapper\"><figure class=\"elementor-image-box-img\"><img decoding=\"async\" width=\"346\" height=\"80\" src=\"https:\/\/yachtplumbingmallorca.com\/wp-content\/uploads\/2024\/12\/logo5.png\" class=\"attachment-full size-full wp-image-1632\" alt=\"logo cosemar ozono\" title=\"\" srcset=\"https:\/\/yachtplumbingmallorca.com\/wp-content\/uploads\/2024\/12\/logo5.png 346w, https:\/\/yachtplumbingmallorca.com\/wp-content\/uploads\/2024\/12\/logo5-300x69.png 300w, https:\/\/yachtplumbingmallorca.com\/wp-content\/uploads\/2024\/12\/logo5-18x4.png 18w\" sizes=\"(max-width: 346px) 100vw, 346px\" \/><\/figure><div class=\"elementor-image-box-content\"><p class=\"elementor-image-box-description\">Los sistemas de Cosemar Ozono representan una soluci\u00f3n eficaz para la desinfecci\u00f3n, el tratamiento ambiental y la mejora de la higiene en espacios t\u00e9cnicos y habitables a bordo. En el sector n\u00e1utico, donde la limpieza, la prevenci\u00f3n y el control son fundamentales, trabajar con tecnolog\u00eda de ozono de calidad marca una diferencia real en seguridad y mantenimiento.<\/p><\/div><\/div>\t\t\t\t<\/div>\n\t\t\t\t<\/div>\n\t\t\t\t<div class=\"elementor-element elementor-element-00ad4c8 elementor-position-top elementor-widget elementor-widget-image-box\" data-id=\"00ad4c8\" data-element_type=\"widget\" data-e-type=\"widget\" data-widget_type=\"image-box.default\">\n\t\t\t\t<div class=\"elementor-widget-container\">\n\t\t\t\t\t<div class=\"elementor-image-box-wrapper\"><figure class=\"elementor-image-box-img\"><img decoding=\"async\" width=\"317\" height=\"81\" src=\"https:\/\/yachtplumbingmallorca.com\/wp-content\/uploads\/2024\/12\/logo2.png\" class=\"attachment-full size-full wp-image-1631\" alt=\"logo hep2o\" title=\"\" srcset=\"https:\/\/yachtplumbingmallorca.com\/wp-content\/uploads\/2024\/12\/logo2.png 317w, https:\/\/yachtplumbingmallorca.com\/wp-content\/uploads\/2024\/12\/logo2-300x77.png 300w, https:\/\/yachtplumbingmallorca.com\/wp-content\/uploads\/2024\/12\/logo2-18x5.png 18w\" sizes=\"(max-width: 317px) 100vw, 317px\" \/><\/figure><div class=\"elementor-image-box-content\"><p class=\"elementor-image-box-description\">Hep2O es una referencia en sistemas de tuber\u00edas flexibles y conexiones de alto rendimiento. Su tecnolog\u00eda permite desarrollar instalaciones de agua m\u00e1s seguras, limpias y eficientes, algo especialmente importante en yates y embarcaciones donde cada detalle t\u00e9cnico debe ofrecer durabilidad, buen acabado y facilidad de mantenimiento.<\/p><\/div><\/div>\t\t\t\t<\/div>\n\t\t\t\t<\/div>\n\t\t\t\t<div class=\"elementor-element elementor-element-13b1bdc elementor-position-top elementor-widget elementor-widget-image-box\" data-id=\"13b1bdc\" data-element_type=\"widget\" data-e-type=\"widget\" data-widget_type=\"image-box.default\">\n\t\t\t\t<div class=\"elementor-widget-container\">\n\t\t\t\t\t<div class=\"elementor-image-box-wrapper\"><figure class=\"elementor-image-box-img\"><img loading=\"lazy\" decoding=\"async\" width=\"356\" height=\"44\" src=\"https:\/\/yachtplumbingmallorca.com\/wp-content\/uploads\/2024\/12\/logo4.png\" class=\"attachment-full size-full wp-image-1630\" alt=\"logo gf piping systems\" title=\"\" srcset=\"https:\/\/yachtplumbingmallorca.com\/wp-content\/uploads\/2024\/12\/logo4.png 356w, https:\/\/yachtplumbingmallorca.com\/wp-content\/uploads\/2024\/12\/logo4-300x37.png 300w, https:\/\/yachtplumbingmallorca.com\/wp-content\/uploads\/2024\/12\/logo4-18x2.png 18w\" sizes=\"(max-width: 356px) 100vw, 356px\" \/><\/figure><div class=\"elementor-image-box-content\"><p class=\"elementor-image-box-description\">GF Piping Systems es una de las marcas m\u00e1s reconocidas a nivel internacional en conducci\u00f3n de fluidos, tuber\u00edas, v\u00e1lvulas y accesorios t\u00e9cnicos. En Yacht Plumbing and Service utilizamos sus soluciones por su robustez, precisi\u00f3n y comportamiento fiable en entornos exigentes, incluyendo instalaciones sometidas a uso intensivo y condiciones propias del \u00e1mbito marino.<\/p><\/div><\/div>\t\t\t\t<\/div>\n\t\t\t\t<\/div>\n\t\t\t\t<\/div>\n\t\t\t\t<\/div>\n\t\t<div class=\"elementor-element elementor-element-7f95b0a e-con-full e-flex e-con e-child\" data-id=\"7f95b0a\" data-element_type=\"container\" data-e-type=\"container\">\n\t\t\t\t<div class=\"elementor-element elementor-element-6b26955 elementor-widget elementor-widget-heading\" data-id=\"6b26955\" data-element_type=\"widget\" data-e-type=\"widget\" data-widget_type=\"heading.default\">\n\t\t\t\t<div class=\"elementor-widget-container\">\n\t\t\t\t\t<h2 class=\"elementor-heading-title elementor-size-default\">Calidad y Garant\u00eda<\/h2>\t\t\t\t<\/div>\n\t\t\t\t<\/div>\n\t\t\t\t<div class=\"elementor-element elementor-element-27e5d71 elementor-widget elementor-widget-image\" data-id=\"27e5d71\" data-element_type=\"widget\" data-e-type=\"widget\" data-widget_type=\"image.default\">\n\t\t\t\t<div class=\"elementor-widget-container\">\n\t\t\t\t\t\t\t\t\t\t\t\t\t\t\t<img loading=\"lazy\" decoding=\"async\" width=\"496\" height=\"496\" src=\"https:\/\/yachtplumbingmallorca.com\/wp-content\/uploads\/2024\/12\/certified.png\" class=\"attachment-full size-full wp-image-1646\" alt=\"certificado\" srcset=\"https:\/\/yachtplumbingmallorca.com\/wp-content\/uploads\/2024\/12\/certified.png 496w, https:\/\/yachtplumbingmallorca.com\/wp-content\/uploads\/2024\/12\/certified-300x300.png 300w, https:\/\/yachtplumbingmallorca.com\/wp-content\/uploads\/2024\/12\/certified-150x150.png 150w, https:\/\/yachtplumbingmallorca.com\/wp-content\/uploads\/2024\/12\/certified-12x12.png 12w\" sizes=\"(max-width: 496px) 100vw, 496px\" title=\"\">\t\t\t\t\t\t\t\t\t\t\t\t\t\t\t<\/div>\n\t\t\t\t<\/div>\n\t\t\t\t<div class=\"elementor-element elementor-element-87dd93a elementor-widget elementor-widget-text-editor\" data-id=\"87dd93a\" data-element_type=\"widget\" data-e-type=\"widget\" data-widget_type=\"text-editor.default\">\n\t\t\t\t<div class=\"elementor-widget-container\">\n\t\t\t\t\t\t\t\t\t<p data-start=\"2678\" data-end=\"3011\">En Yacht Plumbing and Service trabajamos exclusivamente con materiales certificados y marcas reconocidas para asegurar resultados fiables, eficientes y duraderos. Cada instalaci\u00f3n, reparaci\u00f3n o sustituci\u00f3n se realiza con un enfoque t\u00e9cnico riguroso, priorizando la seguridad, el rendimiento del sistema y la tranquilidad del cliente.<\/p><p data-start=\"3013\" data-end=\"3121\">No solo instalamos componentes: seleccionamos soluciones que est\u00e9n a la altura de las exigencias de un yate.<\/p>\t\t\t\t\t\t\t\t<\/div>\n\t\t\t\t<\/div>\n\t\t\t\t<\/div>\n\t\t\t\t\t<\/div>\n\t\t\t\t<\/div>\n\t\t<div class=\"elementor-element elementor-element-64674d54 e-flex e-con-boxed e-con e-parent\" data-id=\"64674d54\" data-element_type=\"container\" data-e-type=\"container\" data-settings=\"{&quot;background_background&quot;:&quot;classic&quot;}\">\n\t\t\t\t\t<div class=\"e-con-inner\">\n\t\t<div class=\"elementor-element elementor-element-2f9d06e4 e-con-full e-flex e-con e-child\" data-id=\"2f9d06e4\" data-element_type=\"container\" data-e-type=\"container\">\n\t\t<div class=\"elementor-element elementor-element-35493ed8 e-con-full e-flex e-con e-child\" data-id=\"35493ed8\" data-element_type=\"container\" data-e-type=\"container\">\n\t\t\t\t<div class=\"elementor-element elementor-element-631b7f5d elementor-widget elementor-widget-heading\" data-id=\"631b7f5d\" data-element_type=\"widget\" data-e-type=\"widget\" data-widget_type=\"heading.default\">\n\t\t\t\t<div class=\"elementor-widget-container\">\n\t\t\t\t\t<p class=\"elementor-heading-title elementor-size-default\">Su pedido \/ consulta<\/p>\t\t\t\t<\/div>\n\t\t\t\t<\/div>\n\t\t\t\t<div class=\"elementor-element elementor-element-6c1fe375 elementor-widget elementor-widget-heading\" data-id=\"6c1fe375\" data-element_type=\"widget\" data-e-type=\"widget\" data-widget_type=\"heading.default\">\n\t\t\t\t<div class=\"elementor-widget-container\">\n\t\t\t\t\t<p class=\"elementor-heading-title elementor-size-default\">No dude en utilizar este formulario para solicitarnos el suministro de materiales de nuestras marcas representadas.<\/p>\t\t\t\t<\/div>\n\t\t\t\t<\/div>\n\t\t\t\t<div class=\"elementor-element elementor-element-7d4d7f79 elementor-button-align-stretch elementor-widget elementor-widget-form\" data-id=\"7d4d7f79\" data-element_type=\"widget\" data-e-type=\"widget\" data-settings=\"{&quot;step_next_label&quot;:&quot;Siguiente&quot;,&quot;step_previous_label&quot;:&quot;Anterior&quot;,&quot;button_width&quot;:&quot;25&quot;,&quot;step_type&quot;:&quot;number_text&quot;,&quot;step_icon_shape&quot;:&quot;circle&quot;}\" data-widget_type=\"form.default\">\n\t\t\t\t<div class=\"elementor-widget-container\">\n\t\t\t\t\t\t\t<form class=\"elementor-form\" method=\"post\" name=\"Nuevo formulario\" aria-label=\"Nuevo formulario\">\n\t\t\t<input type=\"hidden\" name=\"post_id\" value=\"1626\"\/>\n\t\t\t<input type=\"hidden\" name=\"form_id\" value=\"7d4d7f79\"\/>\n\t\t\t<input type=\"hidden\" name=\"referer_title\" value=\"Pedidos - YACHT PLUMBING AND SERVICE\" \/>\n\n\t\t\t\t\t\t\t<input type=\"hidden\" name=\"queried_id\" value=\"1626\"\/>\n\t\t\t\n\t\t\t<div class=\"elementor-form-fields-wrapper elementor-labels-above\">\n\t\t\t\t\t\t\t\t<div class=\"elementor-field-type-text elementor-field-group elementor-column elementor-field-group-name elementor-col-100\">\n\t\t\t\t\t\t\t\t\t\t\t\t<label for=\"form-field-name\" class=\"elementor-field-label\">\n\t\t\t\t\t\t\t\tNombre\t\t\t\t\t\t\t<\/label>\n\t\t\t\t\t\t\t\t\t\t\t\t\t\t<input size=\"1\" type=\"text\" name=\"form_fields[name]\" id=\"form-field-name\" class=\"elementor-field elementor-size-sm  elementor-field-textual\" placeholder=\"Nombre\">\n\t\t\t\t\t\t\t\t\t\t\t<\/div>\n\t\t\t\t\t\t\t\t<div class=\"elementor-field-type-email elementor-field-group elementor-column elementor-field-group-email elementor-col-100 elementor-field-required\">\n\t\t\t\t\t\t\t\t\t\t\t\t<label for=\"form-field-email\" class=\"elementor-field-label\">\n\t\t\t\t\t\t\t\tCorreo electr\u00f3nico\t\t\t\t\t\t\t<\/label>\n\t\t\t\t\t\t\t\t\t\t\t\t\t\t<input size=\"1\" type=\"email\" name=\"form_fields[email]\" id=\"form-field-email\" class=\"elementor-field elementor-size-sm  elementor-field-textual\" placeholder=\"Correo electr\u00f3nico\" required=\"required\">\n\t\t\t\t\t\t\t\t\t\t\t<\/div>\n\t\t\t\t\t\t\t\t<div class=\"elementor-field-type-textarea elementor-field-group elementor-column elementor-field-group-message elementor-col-100\">\n\t\t\t\t\t\t\t\t\t\t\t\t<label for=\"form-field-message\" class=\"elementor-field-label\">\n\t\t\t\t\t\t\t\tMensaje\t\t\t\t\t\t\t<\/label>\n\t\t\t\t\t\t<textarea class=\"elementor-field-textual elementor-field  elementor-size-sm\" name=\"form_fields[message]\" id=\"form-field-message\" rows=\"4\" placeholder=\"Mensaje\"><\/textarea>\t\t\t\t<\/div>\n\t\t\t\t\t\t\t\t<div class=\"elementor-field-type-checkbox elementor-field-group elementor-column elementor-field-group-field_b8c1a13 elementor-col-100\">\n\t\t\t\t\t<div class=\"elementor-field-subgroup  \"><span class=\"elementor-field-option\"><input type=\"checkbox\" value=\"He le\u00eddo y acepto la &lt;a&gt;pol\u00edtica de privacidad.&lt;\/a&gt;\" id=\"form-field-field_b8c1a13-0\" name=\"form_fields[field_b8c1a13]\"> <label for=\"form-field-field_b8c1a13-0\">He le\u00eddo y acepto la <a>pol\u00edtica de privacidad.<\/a><\/label><\/span><\/div>\t\t\t\t<\/div>\n\t\t\t\t\t\t\t\t<div class=\"elementor-field-group elementor-column elementor-field-type-submit elementor-col-25 e-form__buttons\">\n\t\t\t\t\t<button class=\"elementor-button elementor-size-sm\" type=\"submit\">\n\t\t\t\t\t\t<span class=\"elementor-button-content-wrapper\">\n\t\t\t\t\t\t\t\t\t\t\t\t\t\t\t\t\t\t\t\t\t\t<span class=\"elementor-button-text\">Enviar<\/span>\n\t\t\t\t\t\t\t\t\t\t\t\t\t<\/span>\n\t\t\t\t\t<\/button>\n\t\t\t\t<\/div>\n\t\t\t<\/div>\n\t\t<\/form>\n\t\t\t\t\t\t<\/div>\n\t\t\t\t<\/div>\n\t\t\t\t<\/div>\n\t\t\t\t<\/div>\n\t\t\t\t\t<\/div>\n\t\t\t\t<\/div>\n\t\t\t\t<\/div>\n\t\t","protected":false},"excerpt":{"rendered":"<p>Pedidos y suministro t\u00e9cnico Suministro de materiales y sistemas para yates en Mallorca En el sector n\u00e1utico, no basta con encontrar una pieza. Hay que encontrar la soluci\u00f3n correcta, en el momento adecuado y con la seguridad de que va a responder a las exigencias reales de la embarcaci\u00f3n. En Yacht Plumbing &amp; Service ofrecemos [&hellip;]<\/p>\n","protected":false},"author":1,"featured_media":0,"parent":0,"menu_order":0,"comment_status":"closed","ping_status":"closed","template":"","meta":{"site-sidebar-layout":"no-sidebar","site-content-layout":"page-builder","ast-site-content-layout":"full-width-container","site-content-style":"unboxed","site-sidebar-style":"unboxed","ast-global-header-display":"","ast-banner-title-visibility":"","ast-main-header-display":"","ast-hfb-above-header-display":"","ast-hfb-below-header-display":"","ast-hfb-mobile-header-display":"","site-post-title":"disabled","ast-breadcrumbs-content":"","ast-featured-img":"disabled","footer-sml-layout":"","ast-disable-related-posts":"","theme-transparent-header-meta":"disabled","adv-header-id-meta":"","stick-header-meta":"","header-above-stick-meta":"","header-main-stick-meta":"","header-below-stick-meta":"","astra-migrate-meta-layouts":"set","ast-page-background-enabled":"default","ast-page-background-meta":{"desktop":{"background-color":"","background-image":"","background-repeat":"repeat","background-position":"center center","background-size":"auto","background-attachment":"scroll","background-type":"","background-media":"","overlay-type":"","overlay-color":"","overlay-opacity":"","overlay-gradient":""},"tablet":{"background-color":"","background-image":"","background-repeat":"repeat","background-position":"center center","background-size":"auto","background-attachment":"scroll","background-type":"","background-media":"","overlay-type":"","overlay-color":"","overlay-opacity":"","overlay-gradient":""},"mobile":{"background-color":"","background-image":"","background-repeat":"repeat","background-position":"center center","background-size":"auto","background-attachment":"scroll","background-type":"","background-media":"","overlay-type":"","overlay-color":"","overlay-opacity":"","overlay-gradient":""}},"ast-content-background-meta":{"desktop":{"background-color":"var(--ast-global-color-5)","background-image":"","background-repeat":"repeat","background-position":"center center","background-size":"auto","background-attachment":"scroll","background-type":"","background-media":"","overlay-type":"","overlay-color":"","overlay-opacity":"","overlay-gradient":""},"tablet":{"background-color":"var(--ast-global-color-5)","background-image":"","background-repeat":"repeat","background-position":"center center","background-size":"auto","background-attachment":"scroll","background-type":"","background-media":"","overlay-type":"","overlay-color":"","overlay-opacity":"","overlay-gradient":""},"mobile":{"background-color":"var(--ast-global-color-5)","background-image":"","background-repeat":"repeat","background-position":"center center","background-size":"auto","background-attachment":"scroll","background-type":"","background-media":"","overlay-type":"","overlay-color":"","overlay-opacity":"","overlay-gradient":""}},"footnotes":""},"class_list":["post-1626","page","type-page","status-publish","hentry"],"_links":{"self":[{"href":"https:\/\/yachtplumbingmallorca.com\/en\/wp-json\/wp\/v2\/pages\/1626","targetHints":{"allow":["GET"]}}],"collection":[{"href":"https:\/\/yachtplumbingmallorca.com\/en\/wp-json\/wp\/v2\/pages"}],"about":[{"href":"https:\/\/yachtplumbingmallorca.com\/en\/wp-json\/wp\/v2\/types\/page"}],"author":[{"embeddable":true,"href":"https:\/\/yachtplumbingmallorca.com\/en\/wp-json\/wp\/v2\/users\/1"}],"replies":[{"embeddable":true,"href":"https:\/\/yachtplumbingmallorca.com\/en\/wp-json\/wp\/v2\/comments?post=1626"}],"version-history":[{"count":85,"href":"https:\/\/yachtplumbingmallorca.com\/en\/wp-json\/wp\/v2\/pages\/1626\/revisions"}],"predecessor-version":[{"id":2615,"href":"https:\/\/yachtplumbingmallorca.com\/en\/wp-json\/wp\/v2\/pages\/1626\/revisions\/2615"}],"wp:attachment":[{"href":"https:\/\/yachtplumbingmallorca.com\/en\/wp-json\/wp\/v2\/media?parent=1626"}],"curies":[{"name":"wp","href":"https:\/\/api.w.org\/{rel}","templated":true}]}}